{"id":432,"date":"2019-04-02T02:27:33","date_gmt":"2019-04-02T02:27:33","guid":{"rendered":"https:\/\/copicosaingenieria.com.mx\/mantenimientodepilotesdecontrol\/?page_id=432"},"modified":"2023-02-08T19:54:55","modified_gmt":"2023-02-08T19:54:55","slug":"inicio","status":"publish","type":"page","link":"https:\/\/copicosaingenieria.com.mx\/mantenimientodepilotesdecontrol\/","title":{"rendered":"Inicio"},"content":{"rendered":"\t\t<div data-elementor-type=\"wp-page\" data-elementor-id=\"432\" class=\"elementor elementor-432\">\n\t\t\t\t\t\t<section class=\"elementor-section elementor-top-section elementor-element elementor-element-617aa9b elementor-section-full_width elementor-section-content-top elementor-section-height-default elementor-section-height-default\" data-id=\"617aa9b\" data-element_type=\"section\" data-e-type=\"section\" data-settings=\"{&quot;background_background&quot;:&quot;classic&quot;}\">\n\t\t\t\t\t\t<div class=\"elementor-container elementor-column-gap-no\">\n\t\t\t\t\t<div class=\"elementor-column elementor-col-100 elementor-top-column elementor-element elementor-element-5584668\" data-id=\"5584668\" data-element_type=\"column\" data-e-type=\"column\">\n\t\t\t<div class=\"elementor-widget-wrap elementor-element-populated\">\n\t\t\t\t\t\t<div class=\"elementor-element elementor-element-4ff31aa elementor-widget elementor-widget-heading\" data-id=\"4ff31aa\" data-element_type=\"widget\" data-e-type=\"widget\" data-widget_type=\"heading.default\">\n\t\t\t\t<div class=\"elementor-widget-container\">\n\t\t\t\t\t<h2 class=\"elementor-heading-title elementor-size-default\">CONSERVACI\u00d3N PILOTES DE CONTROL, S.A.<\/h2>\t\t\t\t<\/div>\n\t\t\t\t<\/div>\n\t\t\t\t<div class=\"elementor-element elementor-element-fc55a31 elementor-widget elementor-widget-text-editor\" data-id=\"fc55a31\" data-element_type=\"widget\" data-e-type=\"widget\" data-widget_type=\"text-editor.default\">\n\t\t\t\t<div class=\"elementor-widget-container\">\n\t\t\t\t\t\t\t\t\t<p style=\"text-align: center;\">Empresa 100% mexicana fundada en 1983 por el Ing. Manuel Gonz\u00e1lez Flores (inventor del sistema) para especializar el servicio de conservaci\u00f3n y mantenimiento a los pilotes de los edificios recimentados o adaptados al sistema de pilotes de control por Pilotes de Control S.A. (PICOSA), fundada en 1951.<\/p>\t\t\t\t\t\t\t\t<\/div>\n\t\t\t\t<\/div>\n\t\t\t\t<div class=\"elementor-element elementor-element-66f9675 elementor-widget-divider--view-line elementor-widget elementor-widget-divider\" data-id=\"66f9675\" data-element_type=\"widget\" data-e-type=\"widget\" data-widget_type=\"divider.default\">\n\t\t\t\t<div class=\"elementor-widget-container\">\n\t\t\t\t\t\t\t<div class=\"elementor-divider\">\n\t\t\t<span class=\"elementor-divider-separator\">\n\t\t\t\t\t\t<\/span>\n\t\t<\/div>\n\t\t\t\t\t\t<\/div>\n\t\t\t\t<\/div>\n\t\t\t\t<div class=\"elementor-element elementor-element-149d420 elementor-widget elementor-widget-heading\" data-id=\"149d420\" data-element_type=\"widget\" data-e-type=\"widget\" data-widget_type=\"heading.default\">\n\t\t\t\t<div class=\"elementor-widget-container\">\n\t\t\t\t\t<h2 class=\"elementor-heading-title elementor-size-default\">Servicios<\/h2>\t\t\t\t<\/div>\n\t\t\t\t<\/div>\n\t\t\t\t<div class=\"elementor-element elementor-element-65d5bd0 elementor-widget elementor-widget-spacer\" data-id=\"65d5bd0\" data-element_type=\"widget\" data-e-type=\"widget\" data-widget_type=\"spacer.default\">\n\t\t\t\t<div class=\"elementor-widget-container\">\n\t\t\t\t\t\t\t<div class=\"elementor-spacer\">\n\t\t\t<div class=\"elementor-spacer-inner\"><\/div>\n\t\t<\/div>\n\t\t\t\t\t\t<\/div>\n\t\t\t\t<\/div>\n\t\t\t\t<section class=\"elementor-section elementor-inner-section elementor-element elementor-element-e73b36a elementor-section-full_width elementor-section-content-top elementor-section-height-default elementor-section-height-default elementor-invisible\" data-id=\"e73b36a\" data-element_type=\"section\" data-e-type=\"section\" data-settings=\"{&quot;animation&quot;:&quot;fadeInUp&quot;}\">\n\t\t\t\t\t\t<div class=\"elementor-container elementor-column-gap-no\">\n\t\t\t\t\t<div class=\"elementor-column elementor-col-25 elementor-inner-column elementor-element elementor-element-d140c15\" data-id=\"d140c15\" data-element_type=\"column\" data-e-type=\"column\">\n\t\t\t<div class=\"elementor-widget-wrap elementor-element-populated\">\n\t\t\t\t\t\t<div class=\"elementor-element elementor-element-742be92 elementor-widget elementor-widget-image\" data-id=\"742be92\" data-element_type=\"widget\" data-e-type=\"widget\" data-widget_type=\"image.default\">\n\t\t\t\t<div class=\"elementor-widget-container\">\n\t\t\t\t\t\t\t\t\t\t\t\t\t\t\t<img fetchpriority=\"high\" decoding=\"async\" width=\"455\" height=\"305\" src=\"https:\/\/copicosaingenieria.com.mx\/mantenimientodepilotesdecontrol\/wp-content\/uploads\/2022\/10\/MANTENIMIENTO-A-PILOTES.jpg\" class=\"elementor-animation-wobble-horizontal attachment-full size-full wp-image-493\" alt=\"\" srcset=\"https:\/\/copicosaingenieria.com.mx\/mantenimientodepilotesdecontrol\/wp-content\/uploads\/2022\/10\/MANTENIMIENTO-A-PILOTES.jpg 455w, https:\/\/copicosaingenieria.com.mx\/mantenimientodepilotesdecontrol\/wp-content\/uploads\/2022\/10\/MANTENIMIENTO-A-PILOTES-300x201.jpg 300w\" sizes=\"(max-width: 455px) 100vw, 455px\" \/>\t\t\t\t\t\t\t\t\t\t\t\t\t\t\t<\/div>\n\t\t\t\t<\/div>\n\t\t\t\t<div class=\"elementor-element elementor-element-599a81a e-transform elementor-invisible elementor-widget elementor-widget-heading\" data-id=\"599a81a\" data-element_type=\"widget\" data-e-type=\"widget\" data-settings=\"{&quot;_transform_scale_effect_hover&quot;:{&quot;unit&quot;:&quot;px&quot;,&quot;size&quot;:1.2,&quot;sizes&quot;:[]},&quot;_animation&quot;:&quot;bounceIn&quot;,&quot;_transform_scale_effect_hover_tablet&quot;:{&quot;unit&quot;:&quot;px&quot;,&quot;size&quot;:&quot;&quot;,&quot;sizes&quot;:[]},&quot;_transform_scale_effect_hover_mobile&quot;:{&quot;unit&quot;:&quot;px&quot;,&quot;size&quot;:&quot;&quot;,&quot;sizes&quot;:[]}}\" data-widget_type=\"heading.default\">\n\t\t\t\t<div class=\"elementor-widget-container\">\n\t\t\t\t\t<h6 class=\"elementor-heading-title elementor-size-default\"><a href=\"https:\/\/copicosaingenieria.com.mx\/mantenimientodepilotesdecontrol\/mantenimiento-de-pilotes-de-control\/\">ver detalles<\/a><\/h6>\t\t\t\t<\/div>\n\t\t\t\t<\/div>\n\t\t\t\t<div class=\"elementor-element elementor-element-ad6c55a elementor-widget elementor-widget-heading\" data-id=\"ad6c55a\" data-element_type=\"widget\" data-e-type=\"widget\" data-widget_type=\"heading.default\">\n\t\t\t\t<div class=\"elementor-widget-container\">\n\t\t\t\t\t<h3 class=\"elementor-heading-title elementor-size-default\"><a href=\"#\">Mantenimiento a <br>Pilotes de Control<\/a><\/h3>\t\t\t\t<\/div>\n\t\t\t\t<\/div>\n\t\t\t\t\t<\/div>\n\t\t<\/div>\n\t\t\t\t<div class=\"elementor-column elementor-col-25 elementor-inner-column elementor-element elementor-element-ac87b91\" data-id=\"ac87b91\" data-element_type=\"column\" data-e-type=\"column\">\n\t\t\t<div class=\"elementor-widget-wrap elementor-element-populated\">\n\t\t\t\t\t\t<div class=\"elementor-element elementor-element-70a25b7 elementor-widget elementor-widget-image\" data-id=\"70a25b7\" data-element_type=\"widget\" data-e-type=\"widget\" data-widget_type=\"image.default\">\n\t\t\t\t<div class=\"elementor-widget-container\">\n\t\t\t\t\t\t\t\t\t\t\t\t\t\t\t<img decoding=\"async\" width=\"455\" height=\"305\" src=\"https:\/\/copicosaingenieria.com.mx\/mantenimientodepilotesdecontrol\/wp-content\/uploads\/2022\/10\/RECIMENTACION-Y-RENIVELADO.png\" class=\"elementor-animation-wobble-horizontal attachment-full size-full wp-image-494\" alt=\"\" srcset=\"https:\/\/copicosaingenieria.com.mx\/mantenimientodepilotesdecontrol\/wp-content\/uploads\/2022\/10\/RECIMENTACION-Y-RENIVELADO.png 455w, https:\/\/copicosaingenieria.com.mx\/mantenimientodepilotesdecontrol\/wp-content\/uploads\/2022\/10\/RECIMENTACION-Y-RENIVELADO-300x201.png 300w\" sizes=\"(max-width: 455px) 100vw, 455px\" \/>\t\t\t\t\t\t\t\t\t\t\t\t\t\t\t<\/div>\n\t\t\t\t<\/div>\n\t\t\t\t<div class=\"elementor-element elementor-element-314f08d e-transform elementor-invisible elementor-widget elementor-widget-heading\" data-id=\"314f08d\" data-element_type=\"widget\" data-e-type=\"widget\" data-settings=\"{&quot;_transform_scale_effect_hover&quot;:{&quot;unit&quot;:&quot;px&quot;,&quot;size&quot;:1.2,&quot;sizes&quot;:[]},&quot;_animation&quot;:&quot;bounceIn&quot;,&quot;_transform_scale_effect_hover_tablet&quot;:{&quot;unit&quot;:&quot;px&quot;,&quot;size&quot;:&quot;&quot;,&quot;sizes&quot;:[]},&quot;_transform_scale_effect_hover_mobile&quot;:{&quot;unit&quot;:&quot;px&quot;,&quot;size&quot;:&quot;&quot;,&quot;sizes&quot;:[]}}\" data-widget_type=\"heading.default\">\n\t\t\t\t<div class=\"elementor-widget-container\">\n\t\t\t\t\t<h6 class=\"elementor-heading-title elementor-size-default\"><a href=\"https:\/\/copicosaingenieria.com.mx\/mantenimientodepilotesdecontrol\/recimentacion-y-renivelado-de-edificios\/\">ver detalles<\/a><\/h6>\t\t\t\t<\/div>\n\t\t\t\t<\/div>\n\t\t\t\t<div class=\"elementor-element elementor-element-ca962b1 elementor-widget elementor-widget-heading\" data-id=\"ca962b1\" data-element_type=\"widget\" data-e-type=\"widget\" data-widget_type=\"heading.default\">\n\t\t\t\t<div class=\"elementor-widget-container\">\n\t\t\t\t\t<h3 class=\"elementor-heading-title elementor-size-default\"><a href=\"#\">Recimentaci\u00f3n y <br>Renivelado de Edificios<\/a><\/h3>\t\t\t\t<\/div>\n\t\t\t\t<\/div>\n\t\t\t\t\t<\/div>\n\t\t<\/div>\n\t\t\t\t<div class=\"elementor-column elementor-col-25 elementor-inner-column elementor-element elementor-element-50ded62\" data-id=\"50ded62\" data-element_type=\"column\" data-e-type=\"column\">\n\t\t\t<div class=\"elementor-widget-wrap elementor-element-populated\">\n\t\t\t\t\t\t<div class=\"elementor-element elementor-element-e7adea8 elementor-widget elementor-widget-image\" data-id=\"e7adea8\" data-element_type=\"widget\" data-e-type=\"widget\" data-widget_type=\"image.default\">\n\t\t\t\t<div class=\"elementor-widget-container\">\n\t\t\t\t\t\t\t\t\t\t\t\t\t\t\t<img decoding=\"async\" width=\"455\" height=\"305\" src=\"https:\/\/copicosaingenieria.com.mx\/mantenimientodepilotesdecontrol\/wp-content\/uploads\/2022\/10\/TOPOGRAFIA.jpg\" class=\"elementor-animation-wobble-horizontal attachment-full size-full wp-image-495\" alt=\"\" srcset=\"https:\/\/copicosaingenieria.com.mx\/mantenimientodepilotesdecontrol\/wp-content\/uploads\/2022\/10\/TOPOGRAFIA.jpg 455w, https:\/\/copicosaingenieria.com.mx\/mantenimientodepilotesdecontrol\/wp-content\/uploads\/2022\/10\/TOPOGRAFIA-300x201.jpg 300w\" sizes=\"(max-width: 455px) 100vw, 455px\" \/>\t\t\t\t\t\t\t\t\t\t\t\t\t\t\t<\/div>\n\t\t\t\t<\/div>\n\t\t\t\t<div class=\"elementor-element elementor-element-7071ff8 e-transform elementor-invisible elementor-widget elementor-widget-heading\" data-id=\"7071ff8\" data-element_type=\"widget\" data-e-type=\"widget\" data-settings=\"{&quot;_transform_scale_effect_hover&quot;:{&quot;unit&quot;:&quot;px&quot;,&quot;size&quot;:1.2,&quot;sizes&quot;:[]},&quot;_animation&quot;:&quot;bounceIn&quot;,&quot;_transform_scale_effect_hover_tablet&quot;:{&quot;unit&quot;:&quot;px&quot;,&quot;size&quot;:&quot;&quot;,&quot;sizes&quot;:[]},&quot;_transform_scale_effect_hover_mobile&quot;:{&quot;unit&quot;:&quot;px&quot;,&quot;size&quot;:&quot;&quot;,&quot;sizes&quot;:[]}}\" data-widget_type=\"heading.default\">\n\t\t\t\t<div class=\"elementor-widget-container\">\n\t\t\t\t\t<h6 class=\"elementor-heading-title elementor-size-default\"><a href=\"https:\/\/copicosaingenieria.com.mx\/mantenimientodepilotesdecontrol\/topografia-pilotes-de-control\/\">ver detalles<\/a><\/h6>\t\t\t\t<\/div>\n\t\t\t\t<\/div>\n\t\t\t\t<div class=\"elementor-element elementor-element-808f7d9 elementor-widget elementor-widget-heading\" data-id=\"808f7d9\" data-element_type=\"widget\" data-e-type=\"widget\" data-widget_type=\"heading.default\">\n\t\t\t\t<div class=\"elementor-widget-container\">\n\t\t\t\t\t<h3 class=\"elementor-heading-title elementor-size-default\"><a href=\"https:\/\/copicosaingenieria.com.mx\/mantenimientodepilotesdecontrol\/topografia-pilotes-de-control\/\">Topograf\u00eda<\/a><\/h3>\t\t\t\t<\/div>\n\t\t\t\t<\/div>\n\t\t\t\t\t<\/div>\n\t\t<\/div>\n\t\t\t\t<div class=\"elementor-column elementor-col-25 elementor-inner-column elementor-element elementor-element-2637093\" data-id=\"2637093\" data-element_type=\"column\" data-e-type=\"column\">\n\t\t\t<div class=\"elementor-widget-wrap elementor-element-populated\">\n\t\t\t\t\t\t<div class=\"elementor-element elementor-element-42c3a45 elementor-widget elementor-widget-image\" data-id=\"42c3a45\" data-element_type=\"widget\" data-e-type=\"widget\" data-widget_type=\"image.default\">\n\t\t\t\t<div class=\"elementor-widget-container\">\n\t\t\t\t\t\t\t\t\t\t\t\t\t\t\t<img loading=\"lazy\" decoding=\"async\" width=\"455\" height=\"305\" src=\"https:\/\/copicosaingenieria.com.mx\/mantenimientodepilotesdecontrol\/wp-content\/uploads\/2022\/10\/CALIDAD-DEL-AIRE.png\" class=\"elementor-animation-wobble-horizontal attachment-full size-full wp-image-497\" alt=\"\" srcset=\"https:\/\/copicosaingenieria.com.mx\/mantenimientodepilotesdecontrol\/wp-content\/uploads\/2022\/10\/CALIDAD-DEL-AIRE.png 455w, https:\/\/copicosaingenieria.com.mx\/mantenimientodepilotesdecontrol\/wp-content\/uploads\/2022\/10\/CALIDAD-DEL-AIRE-300x201.png 300w\" sizes=\"(max-width: 455px) 100vw, 455px\" \/>\t\t\t\t\t\t\t\t\t\t\t\t\t\t\t<\/div>\n\t\t\t\t<\/div>\n\t\t\t\t<div class=\"elementor-element elementor-element-0827b9d e-transform elementor-invisible elementor-widget elementor-widget-heading\" data-id=\"0827b9d\" data-element_type=\"widget\" data-e-type=\"widget\" data-settings=\"{&quot;_transform_scale_effect_hover&quot;:{&quot;unit&quot;:&quot;px&quot;,&quot;size&quot;:1.2,&quot;sizes&quot;:[]},&quot;_animation&quot;:&quot;bounceIn&quot;,&quot;_transform_scale_effect_hover_tablet&quot;:{&quot;unit&quot;:&quot;px&quot;,&quot;size&quot;:&quot;&quot;,&quot;sizes&quot;:[]},&quot;_transform_scale_effect_hover_mobile&quot;:{&quot;unit&quot;:&quot;px&quot;,&quot;size&quot;:&quot;&quot;,&quot;sizes&quot;:[]}}\" data-widget_type=\"heading.default\">\n\t\t\t\t<div class=\"elementor-widget-container\">\n\t\t\t\t\t<h6 class=\"elementor-heading-title elementor-size-default\"><a href=\"https:\/\/copicosaingenieria.com.mx\/mantenimientodepilotesdecontrol\/verificacion-de-calidad-del-aire-pilotes-de-control\/\">ver detalles<\/a><\/h6>\t\t\t\t<\/div>\n\t\t\t\t<\/div>\n\t\t\t\t<div class=\"elementor-element elementor-element-40f61d5 elementor-widget elementor-widget-heading\" data-id=\"40f61d5\" data-element_type=\"widget\" data-e-type=\"widget\" data-widget_type=\"heading.default\">\n\t\t\t\t<div class=\"elementor-widget-container\">\n\t\t\t\t\t<h3 class=\"elementor-heading-title elementor-size-default\"><a href=\"#\">Verificaci\u00f3n de la <br>Calidad del Aire<\/a><\/h3>\t\t\t\t<\/div>\n\t\t\t\t<\/div>\n\t\t\t\t\t<\/div>\n\t\t<\/div>\n\t\t\t\t\t<\/div>\n\t\t<\/section>\n\t\t\t\t\t<\/div>\n\t\t<\/div>\n\t\t\t\t\t<\/div>\n\t\t<\/section>\n\t\t\t\t<section class=\"elementor-section elementor-top-section elementor-element elementor-element-a831b9b elementor-section-content-middle elementor-reverse-tablet elementor-reverse-mobile elementor-section-boxed elementor-section-height-default elementor-section-height-default elementor-invisible\" data-id=\"a831b9b\" data-element_type=\"section\" data-e-type=\"section\" data-settings=\"{&quot;background_background&quot;:&quot;classic&quot;,&quot;animation&quot;:&quot;slideInUp&quot;}\">\n\t\t\t\t\t\t\t<div class=\"elementor-background-overlay\"><\/div>\n\t\t\t\t\t\t\t<div class=\"elementor-container elementor-column-gap-no\">\n\t\t\t\t\t<div class=\"elementor-column elementor-col-50 elementor-top-column elementor-element elementor-element-baea71a\" data-id=\"baea71a\" data-element_type=\"column\" data-e-type=\"column\">\n\t\t\t<div class=\"elementor-widget-wrap elementor-element-populated\">\n\t\t\t\t\t\t<div class=\"elementor-element elementor-element-8f80252 elementor-widget elementor-widget-heading\" data-id=\"8f80252\" data-element_type=\"widget\" data-e-type=\"widget\" data-widget_type=\"heading.default\">\n\t\t\t\t<div class=\"elementor-widget-container\">\n\t\t\t\t\t<h2 class=\"elementor-heading-title elementor-size-default\">Obras<\/h2>\t\t\t\t<\/div>\n\t\t\t\t<\/div>\n\t\t\t\t<div class=\"elementor-element elementor-element-97d1cc6 elementor-widget-divider--view-line elementor-widget elementor-widget-divider\" data-id=\"97d1cc6\" data-element_type=\"widget\" data-e-type=\"widget\" data-widget_type=\"divider.default\">\n\t\t\t\t<div class=\"elementor-widget-container\">\n\t\t\t\t\t\t\t<div class=\"elementor-divider\">\n\t\t\t<span class=\"elementor-divider-separator\">\n\t\t\t\t\t\t<\/span>\n\t\t<\/div>\n\t\t\t\t\t\t<\/div>\n\t\t\t\t<\/div>\n\t\t\t\t<div class=\"elementor-element elementor-element-6ea6eb0 elementor-widget elementor-widget-text-editor\" data-id=\"6ea6eb0\" data-element_type=\"widget\" data-e-type=\"widget\" data-widget_type=\"text-editor.default\">\n\t\t\t\t<div class=\"elementor-widget-container\">\n\t\t\t\t\t\t\t\t\t<p style=\"text-align: justify;\">Actualmente se otorga el servicio a m\u00e1s de 600 edificios en la Ciudad de M\u00e9xico que incluyen particulares, p\u00fablicos y monumentos hist\u00f3ricos.<\/p>\t\t\t\t\t\t\t\t<\/div>\n\t\t\t\t<\/div>\n\t\t\t\t\t<\/div>\n\t\t<\/div>\n\t\t\t\t<div class=\"elementor-column elementor-col-50 elementor-top-column elementor-element elementor-element-c93b51a\" data-id=\"c93b51a\" data-element_type=\"column\" data-e-type=\"column\" data-settings=\"{&quot;background_background&quot;:&quot;classic&quot;}\">\n\t\t\t<div class=\"elementor-widget-wrap elementor-element-populated\">\n\t\t\t\t\t\t<div class=\"elementor-element elementor-element-57dc6fc elementor-arrows-position-inside elementor-widget elementor-widget-image-carousel\" data-id=\"57dc6fc\" data-element_type=\"widget\" data-e-type=\"widget\" data-settings=\"{&quot;slides_to_show&quot;:&quot;1&quot;,&quot;navigation&quot;:&quot;arrows&quot;,&quot;autoplay&quot;:&quot;yes&quot;,&quot;pause_on_hover&quot;:&quot;yes&quot;,&quot;pause_on_interaction&quot;:&quot;yes&quot;,&quot;autoplay_speed&quot;:5000,&quot;infinite&quot;:&quot;yes&quot;,&quot;effect&quot;:&quot;slide&quot;,&quot;speed&quot;:500}\" data-widget_type=\"image-carousel.default\">\n\t\t\t\t<div class=\"elementor-widget-container\">\n\t\t\t\t\t\t\t<div class=\"elementor-image-carousel-wrapper swiper\" role=\"region\" aria-roledescription=\"carousel\" aria-label=\"Carrusel de im\u00e1genes\" dir=\"ltr\">\n\t\t\t<div class=\"elementor-image-carousel swiper-wrapper\" aria-live=\"off\">\n\t\t\t\t\t\t\t\t<div class=\"swiper-slide\" role=\"group\" aria-roledescription=\"slide\" aria-label=\"1 de 6\"><figure class=\"swiper-slide-inner\"><img decoding=\"async\" class=\"swiper-slide-image\" src=\"https:\/\/copicosaingenieria.com.mx\/mantenimientodepilotesdecontrol\/wp-content\/uploads\/2022\/10\/copicosa-templo-de-capuchinas_mantenimiento-de-pilotes-de-contrl-768x545.jpg\" alt=\"TEMPLO DE CAPUCHINAS\" \/><figcaption class=\"elementor-image-carousel-caption\">TEMPLO DE CAPUCHINAS<\/figcaption><\/figure><\/div><div class=\"swiper-slide\" role=\"group\" aria-roledescription=\"slide\" aria-label=\"2 de 6\"><figure class=\"swiper-slide-inner\"><img decoding=\"async\" class=\"swiper-slide-image\" src=\"https:\/\/copicosaingenieria.com.mx\/mantenimientodepilotesdecontrol\/wp-content\/uploads\/2022\/10\/cfe-reforma-copicosa-mantenimeinto-de-pilotes-de-control-768x545.jpg\" alt=\"CFE REFORMA\" \/><figcaption class=\"elementor-image-carousel-caption\">CFE REFORMA<\/figcaption><\/figure><\/div><div class=\"swiper-slide\" role=\"group\" aria-roledescription=\"slide\" aria-label=\"3 de 6\"><figure class=\"swiper-slide-inner\"><img decoding=\"async\" class=\"swiper-slide-image\" src=\"https:\/\/copicosaingenieria.com.mx\/mantenimientodepilotesdecontrol\/wp-content\/uploads\/2022\/10\/torre-unam-tlatelolco-copicosa-conservacion_pilotes-de-control-mantenimiento-768x545.jpeg\" alt=\"TORRE UNAM TLATELOLCO\" \/><figcaption class=\"elementor-image-carousel-caption\">TORRE UNAM TLATELOLCO<\/figcaption><\/figure><\/div><div class=\"swiper-slide\" role=\"group\" aria-roledescription=\"slide\" aria-label=\"4 de 6\"><figure class=\"swiper-slide-inner\"><img decoding=\"async\" class=\"swiper-slide-image\" src=\"https:\/\/copicosaingenieria.com.mx\/mantenimientodepilotesdecontrol\/wp-content\/uploads\/2022\/10\/centro-de-seguridad-social-morelos-mantenimiento-de-pilotes-de-control-conservacion-768x545.jpg\" alt=\"CENTRO DE SEGURIDAD SOCIAL MORELOS\" \/><figcaption class=\"elementor-image-carousel-caption\">CENTRO DE SEGURIDAD SOCIAL MORELOS<\/figcaption><\/figure><\/div><div class=\"swiper-slide\" role=\"group\" aria-roledescription=\"slide\" aria-label=\"5 de 6\"><figure class=\"swiper-slide-inner\"><img decoding=\"async\" class=\"swiper-slide-image\" src=\"https:\/\/copicosaingenieria.com.mx\/mantenimientodepilotesdecontrol\/wp-content\/uploads\/2022\/10\/museo-franz-meyer-copicosa-mantenimiento-de-pilotes-de-control-768x545.jpeg\" alt=\"MUSEO FRANZ MEYER\" \/><figcaption class=\"elementor-image-carousel-caption\">MUSEO FRANZ MEYER<\/figcaption><\/figure><\/div><div class=\"swiper-slide\" role=\"group\" aria-roledescription=\"slide\" aria-label=\"6 de 6\"><figure class=\"swiper-slide-inner\"><img decoding=\"async\" class=\"swiper-slide-image\" src=\"https:\/\/copicosaingenieria.com.mx\/mantenimientodepilotesdecontrol\/wp-content\/uploads\/2022\/10\/teatro-hidalgo-copicosa-conservacion-de-pilotes-de-control-mantenimiento-768x545.jpg\" alt=\"TEATRO HIDALGO\" \/><figcaption class=\"elementor-image-carousel-caption\">TEATRO HIDALGO<\/figcaption><\/figure><\/div>\t\t\t<\/div>\n\t\t\t\t\t\t\t\t\t\t\t\t<div class=\"elementor-swiper-button elementor-swiper-button-prev\" role=\"button\" tabindex=\"0\">\n\t\t\t\t\t\t<i aria-hidden=\"true\" class=\"fas fa-arrow-circle-left\"><\/i>\t\t\t\t\t<\/div>\n\t\t\t\t\t<div class=\"elementor-swiper-button elementor-swiper-button-next\" role=\"button\" tabindex=\"0\">\n\t\t\t\t\t\t<i aria-hidden=\"true\" class=\"fas fa-arrow-circle-right\"><\/i>\t\t\t\t\t<\/div>\n\t\t\t\t\n\t\t\t\t\t\t\t\t\t<\/div>\n\t\t\t\t\t\t<\/div>\n\t\t\t\t<\/div>\n\t\t\t\t\t<\/div>\n\t\t<\/div>\n\t\t\t\t\t<\/div>\n\t\t<\/section>\n\t\t\t\t<\/div>\n\t\t","protected":false},"excerpt":{"rendered":"<p>CONSERVACI\u00d3N PILOTES DE CONTROL, S.A. Empresa 100% mexicana fundada en 1983 por el Ing. Manuel Gonz\u00e1lez Flores (inventor del sistema) para especializar el servicio de conservaci\u00f3n y mantenimiento a los pilotes de los edificios recimentados o adaptados al sistema de pilotes de control por Pilotes de Control S.A. (PICOSA), fundada en 1951. Servicios ver detalles [&hellip;]<\/p>\n","protected":false},"author":1,"featured_media":0,"parent":0,"menu_order":0,"comment_status":"closed","ping_status":"closed","template":"","meta":{"site-sidebar-layout":"no-sidebar","site-content-layout":"page-builder","ast-site-content-layout":"default","site-content-style":"default","site-sidebar-style":"default","ast-global-header-display":"","ast-banner-title-visibility":"","ast-main-header-display":"","ast-hfb-above-header-display":"","ast-hfb-below-header-display":"","ast-hfb-mobile-header-display":"","site-post-title":"disabled","ast-breadcrumbs-content":"disabled","ast-featured-img":"disabled","footer-sml-layout":"","ast-disable-related-posts":"","theme-transparent-header-meta":"enabled","adv-header-id-meta":"","stick-header-meta":"","header-above-stick-meta":"","header-main-stick-meta":"","header-below-stick-meta":"","astra-migrate-meta-layouts":"default","ast-page-background-enabled":"default","ast-page-background-meta":{"desktop":{"background-color":"","background-image":"","background-repeat":"repeat","background-position":"center center","background-size":"auto","background-attachment":"scroll","background-type":"","background-media":"","overlay-type":"","overlay-color":"","overlay-opacity":"","overlay-gradient":""},"tablet":{"background-color":"","background-image":"","background-repeat":"repeat","background-position":"center center","background-size":"auto","background-attachment":"scroll","background-type":"","background-media":"","overlay-type":"","overlay-color":"","overlay-opacity":"","overlay-gradient":""},"mobile":{"background-color":"","background-image":"","background-repeat":"repeat","background-position":"center center","background-size":"auto","background-attachment":"scroll","background-type":"","background-media":"","overlay-type":"","overlay-color":"","overlay-opacity":"","overlay-gradient":""}},"ast-content-background-meta":{"desktop":{"background-color":"var(--ast-global-color-5)","background-image":"","background-repeat":"repeat","background-position":"center center","background-size":"auto","background-attachment":"scroll","background-type":"","background-media":"","overlay-type":"","overlay-color":"","overlay-opacity":"","overlay-gradient":""},"tablet":{"background-color":"var(--ast-global-color-5)","background-image":"","background-repeat":"repeat","background-position":"center center","background-size":"auto","background-attachment":"scroll","background-type":"","background-media":"","overlay-type":"","overlay-color":"","overlay-opacity":"","overlay-gradient":""},"mobile":{"background-color":"var(--ast-global-color-5)","background-image":"","background-repeat":"repeat","background-position":"center center","background-size":"auto","background-attachment":"scroll","background-type":"","background-media":"","overlay-type":"","overlay-color":"","overlay-opacity":"","overlay-gradient":""}},"footnotes":""},"class_list":["post-432","page","type-page","status-publish","hentry"],"_links":{"self":[{"href":"https:\/\/copicosaingenieria.com.mx\/mantenimientodepilotesdecontrol\/wp-json\/wp\/v2\/pages\/432","targetHints":{"allow":["GET"]}}],"collection":[{"href":"https:\/\/copicosaingenieria.com.mx\/mantenimientodepilotesdecontrol\/wp-json\/wp\/v2\/pages"}],"about":[{"href":"https:\/\/copicosaingenieria.com.mx\/mantenimientodepilotesdecontrol\/wp-json\/wp\/v2\/types\/page"}],"author":[{"embeddable":true,"href":"https:\/\/copicosaingenieria.com.mx\/mantenimientodepilotesdecontrol\/wp-json\/wp\/v2\/users\/1"}],"replies":[{"embeddable":true,"href":"https:\/\/copicosaingenieria.com.mx\/mantenimientodepilotesdecontrol\/wp-json\/wp\/v2\/comments?post=432"}],"version-history":[{"count":137,"href":"https:\/\/copicosaingenieria.com.mx\/mantenimientodepilotesdecontrol\/wp-json\/wp\/v2\/pages\/432\/revisions"}],"predecessor-version":[{"id":1373,"href":"https:\/\/copicosaingenieria.com.mx\/mantenimientodepilotesdecontrol\/wp-json\/wp\/v2\/pages\/432\/revisions\/1373"}],"wp:attachment":[{"href":"https:\/\/copicosaingenieria.com.mx\/mantenimientodepilotesdecontrol\/wp-json\/wp\/v2\/media?parent=432"}],"curies":[{"name":"wp","href":"https:\/\/api.w.org\/{rel}","templated":true}]}}