{"id":575,"date":"2022-12-12T18:59:03","date_gmt":"2022-12-12T18:59:03","guid":{"rendered":"https:\/\/copicosaingenieria.com.mx\/mantenimientodepilotesdecontrol\/?page_id=575"},"modified":"2023-02-08T19:55:49","modified_gmt":"2023-02-08T19:55:49","slug":"sistema-pilotes-de-control","status":"publish","type":"page","link":"https:\/\/copicosaingenieria.com.mx\/mantenimientodepilotesdecontrol\/sistema-pilotes-de-control\/","title":{"rendered":"Sistema Pilotes de Control"},"content":{"rendered":"\t\t<div data-elementor-type=\"wp-page\" data-elementor-id=\"575\" class=\"elementor elementor-575\">\n\t\t\t\t\t\t<section class=\"elementor-section elementor-top-section elementor-element elementor-element-617aa9b elementor-section-full_width elementor-section-content-top elementor-section-height-default elementor-section-height-default\" data-id=\"617aa9b\" data-element_type=\"section\" data-e-type=\"section\" data-settings=\"{&quot;background_background&quot;:&quot;classic&quot;}\">\n\t\t\t\t\t\t<div class=\"elementor-container elementor-column-gap-no\">\n\t\t\t\t\t<div class=\"elementor-column elementor-col-100 elementor-top-column elementor-element elementor-element-5584668\" data-id=\"5584668\" data-element_type=\"column\" data-e-type=\"column\">\n\t\t\t<div class=\"elementor-widget-wrap elementor-element-populated\">\n\t\t\t\t\t\t<div class=\"elementor-element elementor-element-4ff31aa elementor-widget elementor-widget-heading\" data-id=\"4ff31aa\" data-element_type=\"widget\" data-e-type=\"widget\" data-widget_type=\"heading.default\">\n\t\t\t\t<div class=\"elementor-widget-container\">\n\t\t\t\t\t<h2 class=\"elementor-heading-title elementor-size-default\">Sistema Pilotes de Control<\/h2>\t\t\t\t<\/div>\n\t\t\t\t<\/div>\n\t\t\t\t<section class=\"elementor-section elementor-inner-section elementor-element elementor-element-1a9e8c3 elementor-section-boxed elementor-section-height-default elementor-section-height-default\" data-id=\"1a9e8c3\" data-element_type=\"section\" data-e-type=\"section\" data-settings=\"{&quot;background_background&quot;:&quot;classic&quot;}\">\n\t\t\t\t\t\t<div class=\"elementor-container elementor-column-gap-default\">\n\t\t\t\t\t<div class=\"elementor-column elementor-col-50 elementor-inner-column elementor-element elementor-element-7e5603b\" data-id=\"7e5603b\" data-element_type=\"column\" data-e-type=\"column\" data-settings=\"{&quot;background_background&quot;:&quot;classic&quot;}\">\n\t\t\t<div class=\"elementor-widget-wrap elementor-element-populated\">\n\t\t\t\t\t\t<div class=\"elementor-element elementor-element-9fbb434 elementor-widget elementor-widget-heading\" data-id=\"9fbb434\" data-element_type=\"widget\" data-e-type=\"widget\" data-widget_type=\"heading.default\">\n\t\t\t\t<div class=\"elementor-widget-container\">\n\t\t\t\t\t<h2 class=\"elementor-heading-title elementor-size-default\">Introducci\u00f3n<\/h2>\t\t\t\t<\/div>\n\t\t\t\t<\/div>\n\t\t\t\t<div class=\"elementor-element elementor-element-fc55a31 elementor-widget elementor-widget-text-editor\" data-id=\"fc55a31\" data-element_type=\"widget\" data-e-type=\"widget\" data-widget_type=\"text-editor.default\">\n\t\t\t\t<div class=\"elementor-widget-container\">\n\t\t\t\t\t\t\t\t\t<p style=\"text-align: justify;\">Una buena parte de la Ciudad de M\u00e9xico est\u00e1 construida sobre los rellenos del fondo del ex lago de Texcoco y a este hecho, se deben los problemas de cimentaciones que se presentan en esta ciudad, por la alta compresibilidad del suelo y la baja resistencia a construcciones pesadas, adem\u00e1s de los fen\u00f3menos s\u00edsmicos que peri\u00f3dicamente experimenta la zona<\/p><p style=\"text-align: justify;\">Aunado a lo anterior, se presenta el hundimiento del suelo, inducido por la extracci\u00f3n de agua de los mantos acu\u00edferos profundos para uso urbano, que, seg\u00fan datos del Sistema de Aguas de la Ciudad de M\u00e9xico, en algunas zonas llegan a ser hasta de 40 cm por a\u00f1o, como es en las proximidades al Pe\u00f1\u00f3n del Marqu\u00e9s (pe\u00f1\u00f3n viejo), Chalco con 30 cm y Ecatepec con 20 cm.<\/p><p style=\"text-align: justify;\">Es necesario que cualquier construcci\u00f3n en la ciudad, contemple un estudio de mec\u00e1nica de suelos, que permita conocer las condiciones del suelo de tal manera que la cimentaci\u00f3n pueda afrontar y controlar los movimientos de la estructura, evitando inclinaciones que pongan en riesgo la seguridad estructural de la edificaci\u00f3n.<\/p>\t\t\t\t\t\t\t\t<\/div>\n\t\t\t\t<\/div>\n\t\t\t\t\t<\/div>\n\t\t<\/div>\n\t\t\t\t<div class=\"elementor-column elementor-col-50 elementor-inner-column elementor-element elementor-element-863c632\" data-id=\"863c632\" data-element_type=\"column\" data-e-type=\"column\" data-settings=\"{&quot;background_background&quot;:&quot;classic&quot;}\">\n\t\t\t<div class=\"elementor-widget-wrap elementor-element-populated\">\n\t\t\t\t\t\t<div class=\"elementor-element elementor-element-559bbec elementor-widget elementor-widget-image\" data-id=\"559bbec\" data-element_type=\"widget\" data-e-type=\"widget\" data-widget_type=\"image.default\">\n\t\t\t\t<div class=\"elementor-widget-container\">\n\t\t\t\t\t\t\t\t\t\t\t\t<figure class=\"wp-caption\">\n\t\t\t\t\t\t\t\t\t\t<img fetchpriority=\"high\" decoding=\"async\" width=\"905\" height=\"1024\" src=\"https:\/\/copicosaingenieria.com.mx\/mantenimientodepilotesdecontrol\/wp-content\/uploads\/2023\/01\/mapa-geotecnico-copicosa_pilotes-de-control-905x1024.jpg\" class=\"attachment-large size-large wp-image-1098\" alt=\"\" srcset=\"https:\/\/copicosaingenieria.com.mx\/mantenimientodepilotesdecontrol\/wp-content\/uploads\/2023\/01\/mapa-geotecnico-copicosa_pilotes-de-control-905x1024.jpg 905w, https:\/\/copicosaingenieria.com.mx\/mantenimientodepilotesdecontrol\/wp-content\/uploads\/2023\/01\/mapa-geotecnico-copicosa_pilotes-de-control-265x300.jpg 265w, https:\/\/copicosaingenieria.com.mx\/mantenimientodepilotesdecontrol\/wp-content\/uploads\/2023\/01\/mapa-geotecnico-copicosa_pilotes-de-control-768x869.jpg 768w, https:\/\/copicosaingenieria.com.mx\/mantenimientodepilotesdecontrol\/wp-content\/uploads\/2023\/01\/mapa-geotecnico-copicosa_pilotes-de-control-1357x1536.jpg 1357w, https:\/\/copicosaingenieria.com.mx\/mantenimientodepilotesdecontrol\/wp-content\/uploads\/2023\/01\/mapa-geotecnico-copicosa_pilotes-de-control-1809x2048.jpg 1809w, https:\/\/copicosaingenieria.com.mx\/mantenimientodepilotesdecontrol\/wp-content\/uploads\/2023\/01\/mapa-geotecnico-copicosa_pilotes-de-control.jpg 1871w\" sizes=\"(max-width: 905px) 100vw, 905px\" \/>\t\t\t\t\t\t\t\t\t\t\t<figcaption class=\"widget-image-caption wp-caption-text\">ZONIFICACI\u00d3N GEOT\u00c9CNICA (NORMAS T\u00c9CNICAS COMPLEMENTARIAS DE LA CIUDAD DE M\u00c9XICO)<\/figcaption>\n\t\t\t\t\t\t\t\t\t\t<\/figure>\n\t\t\t\t\t\t\t\t\t<\/div>\n\t\t\t\t<\/div>\n\t\t\t\t\t<\/div>\n\t\t<\/div>\n\t\t\t\t\t<\/div>\n\t\t<\/section>\n\t\t\t\t<div class=\"elementor-element elementor-element-66f9675 elementor-widget-divider--view-line elementor-widget elementor-widget-divider\" data-id=\"66f9675\" data-element_type=\"widget\" data-e-type=\"widget\" data-widget_type=\"divider.default\">\n\t\t\t\t<div class=\"elementor-widget-container\">\n\t\t\t\t\t\t\t<div class=\"elementor-divider\">\n\t\t\t<span class=\"elementor-divider-separator\">\n\t\t\t\t\t\t<\/span>\n\t\t<\/div>\n\t\t\t\t\t\t<\/div>\n\t\t\t\t<\/div>\n\t\t\t\t<div class=\"elementor-element elementor-element-65d5bd0 elementor-widget elementor-widget-spacer\" data-id=\"65d5bd0\" data-element_type=\"widget\" data-e-type=\"widget\" data-widget_type=\"spacer.default\">\n\t\t\t\t<div class=\"elementor-widget-container\">\n\t\t\t\t\t\t\t<div class=\"elementor-spacer\">\n\t\t\t<div class=\"elementor-spacer-inner\"><\/div>\n\t\t<\/div>\n\t\t\t\t\t\t<\/div>\n\t\t\t\t<\/div>\n\t\t\t\t\t<\/div>\n\t\t<\/div>\n\t\t\t\t\t<\/div>\n\t\t<\/section>\n\t\t\t\t<section class=\"elementor-section elementor-top-section elementor-element elementor-element-624ae8a elementor-section-boxed elementor-section-height-default elementor-section-height-default\" data-id=\"624ae8a\" data-element_type=\"section\" data-e-type=\"section\">\n\t\t\t\t\t\t<div class=\"elementor-container elementor-column-gap-default\">\n\t\t\t\t\t<div class=\"elementor-column elementor-col-50 elementor-top-column elementor-element elementor-element-fc192ec\" data-id=\"fc192ec\" data-element_type=\"column\" data-e-type=\"column\">\n\t\t\t<div class=\"elementor-widget-wrap elementor-element-populated\">\n\t\t\t\t\t\t<div class=\"elementor-element elementor-element-783a751 elementor-widget elementor-widget-image\" data-id=\"783a751\" data-element_type=\"widget\" data-e-type=\"widget\" data-widget_type=\"image.default\">\n\t\t\t\t<div class=\"elementor-widget-container\">\n\t\t\t\t\t\t\t\t\t\t\t\t<figure class=\"wp-caption\">\n\t\t\t\t\t\t\t\t\t\t<img decoding=\"async\" width=\"646\" height=\"1024\" src=\"https:\/\/copicosaingenieria.com.mx\/mantenimientodepilotesdecontrol\/wp-content\/uploads\/2022\/12\/esquema-pilotes-de-control-646x1024.png\" class=\"attachment-large size-large wp-image-599\" alt=\"\" srcset=\"https:\/\/copicosaingenieria.com.mx\/mantenimientodepilotesdecontrol\/wp-content\/uploads\/2022\/12\/esquema-pilotes-de-control-646x1024.png 646w, https:\/\/copicosaingenieria.com.mx\/mantenimientodepilotesdecontrol\/wp-content\/uploads\/2022\/12\/esquema-pilotes-de-control-189x300.png 189w, https:\/\/copicosaingenieria.com.mx\/mantenimientodepilotesdecontrol\/wp-content\/uploads\/2022\/12\/esquema-pilotes-de-control-768x1217.png 768w, https:\/\/copicosaingenieria.com.mx\/mantenimientodepilotesdecontrol\/wp-content\/uploads\/2022\/12\/esquema-pilotes-de-control-969x1536.png 969w, https:\/\/copicosaingenieria.com.mx\/mantenimientodepilotesdecontrol\/wp-content\/uploads\/2022\/12\/esquema-pilotes-de-control-1293x2048.png 1293w, https:\/\/copicosaingenieria.com.mx\/mantenimientodepilotesdecontrol\/wp-content\/uploads\/2022\/12\/esquema-pilotes-de-control.png 1386w\" sizes=\"(max-width: 646px) 100vw, 646px\" \/>\t\t\t\t\t\t\t\t\t\t\t<figcaption class=\"widget-image-caption wp-caption-text\">ESQUEMA DE UN EDIFICIO CON PILOTES DE CONTROL<\/figcaption>\n\t\t\t\t\t\t\t\t\t\t<\/figure>\n\t\t\t\t\t\t\t\t\t<\/div>\n\t\t\t\t<\/div>\n\t\t\t\t\t<\/div>\n\t\t<\/div>\n\t\t\t\t<div class=\"elementor-column elementor-col-50 elementor-top-column elementor-element elementor-element-0b7a08a\" data-id=\"0b7a08a\" data-element_type=\"column\" data-e-type=\"column\">\n\t\t\t<div class=\"elementor-widget-wrap elementor-element-populated\">\n\t\t\t\t\t\t<div class=\"elementor-element elementor-element-83c5356 elementor-widget elementor-widget-heading\" data-id=\"83c5356\" data-element_type=\"widget\" data-e-type=\"widget\" data-widget_type=\"heading.default\">\n\t\t\t\t<div class=\"elementor-widget-container\">\n\t\t\t\t\t<h2 class=\"elementor-heading-title elementor-size-default\">\u00bfQu\u00e9 es un pilote de control?<\/h2>\t\t\t\t<\/div>\n\t\t\t\t<\/div>\n\t\t\t\t<div class=\"elementor-element elementor-element-d084e3c elementor-widget elementor-widget-text-editor\" data-id=\"d084e3c\" data-element_type=\"widget\" data-e-type=\"widget\" data-widget_type=\"text-editor.default\">\n\t\t\t\t<div class=\"elementor-widget-container\">\n\t\t\t\t\t\t\t\t\t<p style=\"text-align: justify;\">Los\u00a0pilotes\u00a0son elementos estructurales en forma de columna que se emplean en\u00a0cimentaciones profundas, se hincan en el terreno buscando siempre el estrato resistente capaz de soportar las cargas transmitidas.<\/p><p style=\"text-align: justify;\">En 1950 el Ing. Manuel Gonz\u00e1lez Flores fundador de esta empresa, efectu\u00f3 una modificaci\u00f3n b\u00e1sica a los pilotes r\u00edgidamente unidos a la cimentaci\u00f3n, apoyados en estratos firmes o de fricci\u00f3n, creando el sistema de Pilotes de Control, \u00fanico en el mundo, en el cual en lugar de que los pilotes est\u00e9n r\u00edgidamente unidos a la cimentaci\u00f3n, la atraviesan libremente, lig\u00e1ndose a ella mediante un marco de carga que contiene un componente de material compresible entre este marco y la secci\u00f3n superior del pilote, dicho componente compresible absorbe los movimientos verticales de la estructura, distribuyendo las cargas entre el suelo y los pilotes, capaz de controlar los movimientos originados en la cimentaci\u00f3n.<\/p><p style=\"text-align: justify;\">El sistema es particularmente \u00fatil en suelos de consolidaci\u00f3n regional inducida, como la conocida zona de la cuenca lacustre del Valle de M\u00e9xico y tambi\u00e9n en regiones arcillosas de alta compresibilidad.<\/p>\t\t\t\t\t\t\t\t<\/div>\n\t\t\t\t<\/div>\n\t\t\t\t\t<\/div>\n\t\t<\/div>\n\t\t\t\t\t<\/div>\n\t\t<\/section>\n\t\t\t\t<section class=\"elementor-section elementor-top-section elementor-element elementor-element-80d7227 elementor-section-boxed elementor-section-height-default elementor-section-height-default\" data-id=\"80d7227\" data-element_type=\"section\" data-e-type=\"section\">\n\t\t\t\t\t\t<div class=\"elementor-container elementor-column-gap-default\">\n\t\t\t\t\t<div class=\"elementor-column elementor-col-50 elementor-top-column elementor-element elementor-element-ce495ed\" data-id=\"ce495ed\" data-element_type=\"column\" data-e-type=\"column\" data-settings=\"{&quot;background_background&quot;:&quot;classic&quot;}\">\n\t\t\t<div class=\"elementor-widget-wrap elementor-element-populated\">\n\t\t\t\t\t\t<div class=\"elementor-element elementor-element-56c89cc elementor-widget elementor-widget-heading\" data-id=\"56c89cc\" data-element_type=\"widget\" data-e-type=\"widget\" data-widget_type=\"heading.default\">\n\t\t\t\t<div class=\"elementor-widget-container\">\n\t\t\t\t\t<h2 class=\"elementor-heading-title elementor-size-default\">Elementos que conforman \nel dispositivo de control<\/h2>\t\t\t\t<\/div>\n\t\t\t\t<\/div>\n\t\t\t\t<div class=\"elementor-element elementor-element-fabcc51 elementor-widget elementor-widget-text-editor\" data-id=\"fabcc51\" data-element_type=\"widget\" data-e-type=\"widget\" data-widget_type=\"text-editor.default\">\n\t\t\t\t<div class=\"elementor-widget-container\">\n\t\t\t\t\t\t\t\t\t<p style=\"text-align: justify;\">El marco de carga o dispositivo de control mec\u00e1nico, dise\u00f1ado y patentado por esta empresa, tiene com\u00fanmente una capacidad de 100 toneladas y cuenta con 5 elementos principales:<\/p><ol><li style=\"text-align: justify;\">Un dado estructural de concreto que trasmite la carga de la estructura a los pilotes, tiene un espacio circular por el que ingresa el pilote de manera libre a la cimentaci\u00f3n.<\/li><li style=\"text-align: justify;\">Puente de transmisi\u00f3n o cabezal.<\/li><li style=\"text-align: justify;\">Dos tornillos o husillos de 2&#8243; de di\u00e1metro x 90 cm. de longitud, con cuerda corrida est\u00e1ndar, llevan en la parte inferior y en la parte superior 2 tuercas (la tuerca superior es cuadrada y la inferior de secci\u00f3n circular).<\/li><li style=\"text-align: justify;\">En la parte media de los husillos entre el cabezal y las anclas, se colocan dos piezas de concreto denominadas estabilizadores.<\/li><li style=\"text-align: justify;\">Entre la cabeza del pilote y la placa inferior del cabezal, se colocan las celdas de deformaci\u00f3n consistentes en cubos de caobilla de 5 cm por lado o elastoceldas (elementos deformables de composici\u00f3n y resistencia homog\u00e9nea, elaborado con materiales de nueva tecnolog\u00eda con base en pol\u00edmeros).<\/li><\/ol>\t\t\t\t\t\t\t\t<\/div>\n\t\t\t\t<\/div>\n\t\t\t\t\t<\/div>\n\t\t<\/div>\n\t\t\t\t<div class=\"elementor-column elementor-col-50 elementor-top-column elementor-element elementor-element-e823279\" data-id=\"e823279\" data-element_type=\"column\" data-e-type=\"column\" data-settings=\"{&quot;background_background&quot;:&quot;classic&quot;}\">\n\t\t\t<div class=\"elementor-widget-wrap elementor-element-populated\">\n\t\t\t\t\t\t<div class=\"elementor-element elementor-element-568ecba elementor-widget elementor-widget-image\" data-id=\"568ecba\" data-element_type=\"widget\" data-e-type=\"widget\" data-widget_type=\"image.default\">\n\t\t\t\t<div class=\"elementor-widget-container\">\n\t\t\t\t\t\t\t\t\t\t\t\t\t\t\t<img decoding=\"async\" width=\"795\" height=\"1024\" src=\"https:\/\/copicosaingenieria.com.mx\/mantenimientodepilotesdecontrol\/wp-content\/uploads\/2023\/01\/cabezal-final-partes-pilotes-de-control-copicosa-795x1024.jpg\" class=\"attachment-large size-large wp-image-1111\" alt=\"\" srcset=\"https:\/\/copicosaingenieria.com.mx\/mantenimientodepilotesdecontrol\/wp-content\/uploads\/2023\/01\/cabezal-final-partes-pilotes-de-control-copicosa-795x1024.jpg 795w, https:\/\/copicosaingenieria.com.mx\/mantenimientodepilotesdecontrol\/wp-content\/uploads\/2023\/01\/cabezal-final-partes-pilotes-de-control-copicosa-233x300.jpg 233w, https:\/\/copicosaingenieria.com.mx\/mantenimientodepilotesdecontrol\/wp-content\/uploads\/2023\/01\/cabezal-final-partes-pilotes-de-control-copicosa-768x989.jpg 768w, https:\/\/copicosaingenieria.com.mx\/mantenimientodepilotesdecontrol\/wp-content\/uploads\/2023\/01\/cabezal-final-partes-pilotes-de-control-copicosa.jpg 886w\" sizes=\"(max-width: 795px) 100vw, 795px\" \/>\t\t\t\t\t\t\t\t\t\t\t\t\t\t\t<\/div>\n\t\t\t\t<\/div>\n\t\t\t\t\t<\/div>\n\t\t<\/div>\n\t\t\t\t\t<\/div>\n\t\t<\/section>\n\t\t\t\t<section class=\"elementor-section elementor-top-section elementor-element elementor-element-0941332 elementor-section-boxed elementor-section-height-default elementor-section-height-default\" data-id=\"0941332\" data-element_type=\"section\" data-e-type=\"section\">\n\t\t\t\t\t\t<div class=\"elementor-container elementor-column-gap-default\">\n\t\t\t\t\t<div class=\"elementor-column elementor-col-100 elementor-top-column elementor-element elementor-element-bf94c0f\" data-id=\"bf94c0f\" data-element_type=\"column\" data-e-type=\"column\">\n\t\t\t<div class=\"elementor-widget-wrap elementor-element-populated\">\n\t\t\t\t\t\t<section class=\"elementor-section elementor-inner-section elementor-element elementor-element-a771617 elementor-section-boxed elementor-section-height-default elementor-section-height-default\" data-id=\"a771617\" data-element_type=\"section\" data-e-type=\"section\" data-settings=\"{&quot;background_background&quot;:&quot;classic&quot;}\">\n\t\t\t\t\t\t<div class=\"elementor-container elementor-column-gap-default\">\n\t\t\t\t\t<div class=\"elementor-column elementor-col-100 elementor-inner-column elementor-element elementor-element-afebc9c\" data-id=\"afebc9c\" data-element_type=\"column\" data-e-type=\"column\" data-settings=\"{&quot;background_background&quot;:&quot;classic&quot;}\">\n\t\t\t<div class=\"elementor-widget-wrap elementor-element-populated\">\n\t\t\t\t\t\t<div class=\"elementor-element elementor-element-4de7905 elementor-widget elementor-widget-heading\" data-id=\"4de7905\" data-element_type=\"widget\" data-e-type=\"widget\" data-widget_type=\"heading.default\">\n\t\t\t\t<div class=\"elementor-widget-container\">\n\t\t\t\t\t<h2 class=\"elementor-heading-title elementor-size-default\">Importancia del mantenimiento<\/h2>\t\t\t\t<\/div>\n\t\t\t\t<\/div>\n\t\t\t\t<div class=\"elementor-element elementor-element-a04dcb5 elementor-widget elementor-widget-text-editor\" data-id=\"a04dcb5\" data-element_type=\"widget\" data-e-type=\"widget\" data-widget_type=\"text-editor.default\">\n\t\t\t\t<div class=\"elementor-widget-container\">\n\t\t\t\t\t\t\t\t\t<p style=\"text-align: justify;\">Para conservar la cimentaci\u00f3n en \u00f3ptimas condiciones de trabajo y que \u00e9sta cumpla su funci\u00f3n, es importante dar mantenimiento peri\u00f3dicamente.<\/p><p style=\"text-align: justify;\">De una correcta observancia a trav\u00e9s del tiempo se asegura un mejor comportamiento del inmueble a trav\u00e9s del tiempo y ante los eventos s\u00edsmicos, esto es porque\u00a0 los pilotes de control \u00a0adem\u00e1s de transmitir el peso del edificio a un estrato de suelo profundo, permiten el descenso de los inmuebles con un movimiento af\u00edn al hundimiento de la ciudad de M\u00e9xico, de tal manera que no sobresalgan ni se hundan con respecto al nivel de calles y banquetas circundantes; conservan la inclinaci\u00f3n del inmueble dentro de los m\u00e1rgenes de seguridad establecidos por el Reglamento de Construcci\u00f3n para el Distrito Federal vigilando su comportamiento a trav\u00e9s del tiempo, y con las actividades de mantenimiento se logra el pleno contacto de la losa de desplante del edificio con el suelo subyacente logrando una correcta transmisi\u00f3n de cargas de la estructura al suelo.<\/p>\t\t\t\t\t\t\t\t<\/div>\n\t\t\t\t<\/div>\n\t\t\t\t\t<\/div>\n\t\t<\/div>\n\t\t\t\t\t<\/div>\n\t\t<\/section>\n\t\t\t\t\t<\/div>\n\t\t<\/div>\n\t\t\t\t\t<\/div>\n\t\t<\/section>\n\t\t\t\t<\/div>\n\t\t","protected":false},"excerpt":{"rendered":"<p>Sistema Pilotes de Control Introducci\u00f3n Una buena parte de la Ciudad de M\u00e9xico est\u00e1 construida sobre los rellenos del fondo del ex lago de Texcoco y a este hecho, se deben los problemas de cimentaciones que se presentan en esta ciudad, por la alta compresibilidad del suelo y la baja resistencia a construcciones pesadas, adem\u00e1s [&hellip;]<\/p>\n","protected":false},"author":1,"featured_media":0,"parent":0,"menu_order":0,"comment_status":"closed","ping_status":"closed","template":"","meta":{"site-sidebar-layout":"no-sidebar","site-content-layout":"page-builder","ast-site-content-layout":"default","site-content-style":"default","site-sidebar-style":"default","ast-global-header-display":"","ast-banner-title-visibility":"","ast-main-header-display":"","ast-hfb-above-header-display":"","ast-hfb-below-header-display":"","ast-hfb-mobile-header-display":"","site-post-title":"disabled","ast-breadcrumbs-content":"disabled","ast-featured-img":"disabled","footer-sml-layout":"","ast-disable-related-posts":"","theme-transparent-header-meta":"enabled","adv-header-id-meta":"","stick-header-meta":"","header-above-stick-meta":"","header-main-stick-meta":"","header-below-stick-meta":"","astra-migrate-meta-layouts":"default","ast-page-background-enabled":"default","ast-page-background-meta":{"desktop":{"background-color":"","background-image":"","background-repeat":"repeat","background-position":"center center","background-size":"auto","background-attachment":"scroll","background-type":"","background-media":"","overlay-type":"","overlay-color":"","overlay-opacity":"","overlay-gradient":""},"tablet":{"background-color":"","background-image":"","background-repeat":"repeat","background-position":"center center","background-size":"auto","background-attachment":"scroll","background-type":"","background-media":"","overlay-type":"","overlay-color":"","overlay-opacity":"","overlay-gradient":""},"mobile":{"background-color":"","background-image":"","background-repeat":"repeat","background-position":"center center","background-size":"auto","background-attachment":"scroll","background-type":"","background-media":"","overlay-type":"","overlay-color":"","overlay-opacity":"","overlay-gradient":""}},"ast-content-background-meta":{"desktop":{"background-color":"var(--ast-global-color-5)","background-image":"","background-repeat":"repeat","background-position":"center center","background-size":"auto","background-attachment":"scroll","background-type":"","background-media":"","overlay-type":"","overlay-color":"","overlay-opacity":"","overlay-gradient":""},"tablet":{"background-color":"var(--ast-global-color-5)","background-image":"","background-repeat":"repeat","background-position":"center center","background-size":"auto","background-attachment":"scroll","background-type":"","background-media":"","overlay-type":"","overlay-color":"","overlay-opacity":"","overlay-gradient":""},"mobile":{"background-color":"var(--ast-global-color-5)","background-image":"","background-repeat":"repeat","background-position":"center center","background-size":"auto","background-attachment":"scroll","background-type":"","background-media":"","overlay-type":"","overlay-color":"","overlay-opacity":"","overlay-gradient":""}},"footnotes":""},"class_list":["post-575","page","type-page","status-publish","hentry"],"_links":{"self":[{"href":"https:\/\/copicosaingenieria.com.mx\/mantenimientodepilotesdecontrol\/wp-json\/wp\/v2\/pages\/575","targetHints":{"allow":["GET"]}}],"collection":[{"href":"https:\/\/copicosaingenieria.com.mx\/mantenimientodepilotesdecontrol\/wp-json\/wp\/v2\/pages"}],"about":[{"href":"https:\/\/copicosaingenieria.com.mx\/mantenimientodepilotesdecontrol\/wp-json\/wp\/v2\/types\/page"}],"author":[{"embeddable":true,"href":"https:\/\/copicosaingenieria.com.mx\/mantenimientodepilotesdecontrol\/wp-json\/wp\/v2\/users\/1"}],"replies":[{"embeddable":true,"href":"https:\/\/copicosaingenieria.com.mx\/mantenimientodepilotesdecontrol\/wp-json\/wp\/v2\/comments?post=575"}],"version-history":[{"count":139,"href":"https:\/\/copicosaingenieria.com.mx\/mantenimientodepilotesdecontrol\/wp-json\/wp\/v2\/pages\/575\/revisions"}],"predecessor-version":[{"id":1376,"href":"https:\/\/copicosaingenieria.com.mx\/mantenimientodepilotesdecontrol\/wp-json\/wp\/v2\/pages\/575\/revisions\/1376"}],"wp:attachment":[{"href":"https:\/\/copicosaingenieria.com.mx\/mantenimientodepilotesdecontrol\/wp-json\/wp\/v2\/media?parent=575"}],"curies":[{"name":"wp","href":"https:\/\/api.w.org\/{rel}","templated":true}]}}