{"id":743,"date":"2022-12-22T18:01:34","date_gmt":"2022-12-22T18:01:34","guid":{"rendered":"https:\/\/copicosaingenieria.com.mx\/mantenimientodepilotesdecontrol\/?page_id=743"},"modified":"2023-02-08T20:50:49","modified_gmt":"2023-02-08T20:50:49","slug":"recimentacion-y-renivelado-de-edificios","status":"publish","type":"page","link":"https:\/\/copicosaingenieria.com.mx\/mantenimientodepilotesdecontrol\/recimentacion-y-renivelado-de-edificios\/","title":{"rendered":"Recimentaci\u00f3n y Renivelado de Edificios"},"content":{"rendered":"\t\t<div data-elementor-type=\"wp-post\" data-elementor-id=\"743\" class=\"elementor elementor-743\">\n\t\t\t\t\t\t<section class=\"elementor-section elementor-top-section elementor-element elementor-element-945ba98 elementor-section-content-middle elementor-reverse-tablet elementor-reverse-mobile elementor-section-boxed elementor-section-height-default elementor-section-height-default\" data-id=\"945ba98\" data-element_type=\"section\" data-e-type=\"section\" data-settings=\"{&quot;background_background&quot;:&quot;classic&quot;}\">\n\t\t\t\t\t\t\t<div class=\"elementor-background-overlay\"><\/div>\n\t\t\t\t\t\t\t<div class=\"elementor-container elementor-column-gap-no\">\n\t\t\t\t\t<div class=\"elementor-column elementor-col-100 elementor-top-column elementor-element elementor-element-062db5c\" data-id=\"062db5c\" data-element_type=\"column\" data-e-type=\"column\">\n\t\t\t<div class=\"elementor-widget-wrap elementor-element-populated\">\n\t\t\t\t\t\t<div class=\"elementor-element elementor-element-8a70a1a elementor-widget elementor-widget-heading\" data-id=\"8a70a1a\" data-element_type=\"widget\" data-e-type=\"widget\" data-widget_type=\"heading.default\">\n\t\t\t\t<div class=\"elementor-widget-container\">\n\t\t\t\t\t<h2 class=\"elementor-heading-title elementor-size-default\">RECIMENTACI\u00d3N Y RENIVELADO DE EDIFICIOS<\/h2>\t\t\t\t<\/div>\n\t\t\t\t<\/div>\n\t\t\t\t<div class=\"elementor-element elementor-element-49c3cd3 elementor-widget-divider--view-line elementor-widget elementor-widget-divider\" data-id=\"49c3cd3\" data-element_type=\"widget\" data-e-type=\"widget\" data-widget_type=\"divider.default\">\n\t\t\t\t<div class=\"elementor-widget-container\">\n\t\t\t\t\t\t\t<div class=\"elementor-divider\">\n\t\t\t<span class=\"elementor-divider-separator\">\n\t\t\t\t\t\t<\/span>\n\t\t<\/div>\n\t\t\t\t\t\t<\/div>\n\t\t\t\t<\/div>\n\t\t\t\t\t<\/div>\n\t\t<\/div>\n\t\t\t\t\t<\/div>\n\t\t<\/section>\n\t\t\t\t<section class=\"elementor-section elementor-top-section elementor-element elementor-element-70aa4fe elementor-section-boxed elementor-section-height-default elementor-section-height-default\" data-id=\"70aa4fe\" data-element_type=\"section\" data-e-type=\"section\">\n\t\t\t\t\t\t<div class=\"elementor-container elementor-column-gap-default\">\n\t\t\t\t\t<div class=\"elementor-column elementor-col-33 elementor-top-column elementor-element elementor-element-6af171f\" data-id=\"6af171f\" data-element_type=\"column\" data-e-type=\"column\">\n\t\t\t<div class=\"elementor-widget-wrap elementor-element-populated\">\n\t\t\t\t\t\t<div class=\"elementor-element elementor-element-fd6f233 elementor-widget elementor-widget-heading\" data-id=\"fd6f233\" data-element_type=\"widget\" data-e-type=\"widget\" data-widget_type=\"heading.default\">\n\t\t\t\t<div class=\"elementor-widget-container\">\n\t\t\t\t\t<h3 class=\"elementor-heading-title elementor-size-default\"><b>SERVICIOS<\/b><\/h3>\t\t\t\t<\/div>\n\t\t\t\t<\/div>\n\t\t\t\t<div class=\"elementor-element elementor-element-4f89b82e elementor-align-start elementor-icon-list--layout-traditional elementor-list-item-link-full_width elementor-widget elementor-widget-icon-list\" data-id=\"4f89b82e\" data-element_type=\"widget\" data-e-type=\"widget\" data-widget_type=\"icon-list.default\">\n\t\t\t\t<div class=\"elementor-widget-container\">\n\t\t\t\t\t\t\t<ul class=\"elementor-icon-list-items\">\n\t\t\t\t\t\t\t<li class=\"elementor-icon-list-item\">\n\t\t\t\t\t\t\t\t\t\t\t<a href=\"https:\/\/copicosaingenieria.com.mx\/mantenimientodepilotesdecontrol\/mantenimiento-de-pilotes-de-control\/\">\n\n\t\t\t\t\t\t\t\t\t\t\t<span class=\"elementor-icon-list-text\">* mantenimiento de pilotes de control<\/span>\n\t\t\t\t\t\t\t\t\t\t\t<\/a>\n\t\t\t\t\t\t\t\t\t<\/li>\n\t\t\t\t\t\t\t\t<li class=\"elementor-icon-list-item\">\n\t\t\t\t\t\t\t\t\t\t\t<a href=\"https:\/\/copicosaingenieria.com.mx\/mantenimientodepilotesdecontrol\/recimentacion-y-renivelado-de-edificios\/\">\n\n\t\t\t\t\t\t\t\t\t\t\t<span class=\"elementor-icon-list-text\">* recimentaci\u00f3n y renivelado de edificios<\/span>\n\t\t\t\t\t\t\t\t\t\t\t<\/a>\n\t\t\t\t\t\t\t\t\t<\/li>\n\t\t\t\t\t\t\t\t<li class=\"elementor-icon-list-item\">\n\t\t\t\t\t\t\t\t\t\t\t<a href=\"https:\/\/copicosaingenieria.com.mx\/mantenimientodepilotesdecontrol\/topografia-pilotes-de-control\/\">\n\n\t\t\t\t\t\t\t\t\t\t\t<span class=\"elementor-icon-list-text\">* topograf\u00eda<\/span>\n\t\t\t\t\t\t\t\t\t\t\t<\/a>\n\t\t\t\t\t\t\t\t\t<\/li>\n\t\t\t\t\t\t\t\t<li class=\"elementor-icon-list-item\">\n\t\t\t\t\t\t\t\t\t\t\t<a href=\"https:\/\/copicosaingenieria.com.mx\/mantenimientodepilotesdecontrol\/verificacion-de-calidad-del-aire-pilotes-de-control\/\">\n\n\t\t\t\t\t\t\t\t\t\t\t<span class=\"elementor-icon-list-text\">* verificaci\u00f3n de la calidad del aire<\/span>\n\t\t\t\t\t\t\t\t\t\t\t<\/a>\n\t\t\t\t\t\t\t\t\t<\/li>\n\t\t\t\t\t\t<\/ul>\n\t\t\t\t\t\t<\/div>\n\t\t\t\t<\/div>\n\t\t\t\t<div class=\"elementor-element elementor-element-8883854 gallery-spacing-custom elementor-widget elementor-widget-image-gallery\" data-id=\"8883854\" data-element_type=\"widget\" data-e-type=\"widget\" data-widget_type=\"image-gallery.default\">\n\t\t\t\t<div class=\"elementor-widget-container\">\n\t\t\t\t\t\t\t<div class=\"elementor-image-gallery\">\n\t\t\t<div id='gallery-1' class='gallery galleryid-743 gallery-columns-1 gallery-size-medium_large'><figure class='gallery-item'>\n\t\t\t<div class='gallery-icon landscape'>\n\t\t\t\t<a data-elementor-open-lightbox=\"yes\" data-elementor-lightbox-slideshow=\"8883854\" data-elementor-lightbox-title=\"Recimentado y Renivelado del Templo de Capuchinas\" data-e-action-hash=\"#elementor-action%3Aaction%3Dlightbox%26settings%3DeyJpZCI6ODEzLCJ1cmwiOiJodHRwczpcL1wvY29waWNvc2FpbmdlbmllcmlhLmNvbS5teFwvbWFudGVuaW1pZW50b2RlcGlsb3Rlc2RlY29udHJvbFwvd3AtY29udGVudFwvdXBsb2Fkc1wvMjAyMlwvMTJcL1JFQ0lNRU5UQURPLVktUkVOSVZFTEFETy1ERUwtVEVNUExPLURFLUNBUFVDSElOQVMtMS5qcGciLCJzbGlkZXNob3ciOiI4ODgzODU0In0%3D\" href='https:\/\/copicosaingenieria.com.mx\/mantenimientodepilotesdecontrol\/wp-content\/uploads\/2022\/12\/RECIMENTADO-Y-RENIVELADO-DEL-TEMPLO-DE-CAPUCHINAS-1.jpg'><img fetchpriority=\"high\" decoding=\"async\" width=\"768\" height=\"669\" src=\"https:\/\/copicosaingenieria.com.mx\/mantenimientodepilotesdecontrol\/wp-content\/uploads\/2022\/12\/RECIMENTADO-Y-RENIVELADO-DEL-TEMPLO-DE-CAPUCHINAS-1-768x669.jpg\" class=\"attachment-medium_large size-medium_large\" alt=\"\" aria-describedby=\"gallery-1-813\" srcset=\"https:\/\/copicosaingenieria.com.mx\/mantenimientodepilotesdecontrol\/wp-content\/uploads\/2022\/12\/RECIMENTADO-Y-RENIVELADO-DEL-TEMPLO-DE-CAPUCHINAS-1-768x669.jpg 768w, https:\/\/copicosaingenieria.com.mx\/mantenimientodepilotesdecontrol\/wp-content\/uploads\/2022\/12\/RECIMENTADO-Y-RENIVELADO-DEL-TEMPLO-DE-CAPUCHINAS-1-300x261.jpg 300w, https:\/\/copicosaingenieria.com.mx\/mantenimientodepilotesdecontrol\/wp-content\/uploads\/2022\/12\/RECIMENTADO-Y-RENIVELADO-DEL-TEMPLO-DE-CAPUCHINAS-1-1024x892.jpg 1024w, https:\/\/copicosaingenieria.com.mx\/mantenimientodepilotesdecontrol\/wp-content\/uploads\/2022\/12\/RECIMENTADO-Y-RENIVELADO-DEL-TEMPLO-DE-CAPUCHINAS-1-1536x1338.jpg 1536w, https:\/\/copicosaingenieria.com.mx\/mantenimientodepilotesdecontrol\/wp-content\/uploads\/2022\/12\/RECIMENTADO-Y-RENIVELADO-DEL-TEMPLO-DE-CAPUCHINAS-1-2048x1783.jpg 2048w\" sizes=\"(max-width: 768px) 100vw, 768px\" \/><\/a>\n\t\t\t<\/div>\n\t\t\t\t<figcaption class='wp-caption-text gallery-caption' id='gallery-1-813'>\n\t\t\t\t<b>TEMPLO DE CAPUCHINAS<\/b>\n\t\t\t\t<\/figcaption><\/figure><figure class='gallery-item'>\n\t\t\t<div class='gallery-icon portrait'>\n\t\t\t\t<a data-elementor-open-lightbox=\"yes\" data-elementor-lightbox-slideshow=\"8883854\" data-elementor-lightbox-title=\"Renivelado del templo &quot;El pocito&quot;\" data-e-action-hash=\"#elementor-action%3Aaction%3Dlightbox%26settings%3DeyJpZCI6NzQ5LCJ1cmwiOiJodHRwczpcL1wvY29waWNvc2FpbmdlbmllcmlhLmNvbS5teFwvbWFudGVuaW1pZW50b2RlcGlsb3Rlc2RlY29udHJvbFwvd3AtY29udGVudFwvdXBsb2Fkc1wvMjAyMlwvMTJcL1JFTklWRUxBRE8tVEVNUExPLUVMLVBPQ0lUTy5qcGciLCJzbGlkZXNob3ciOiI4ODgzODU0In0%3D\" href='https:\/\/copicosaingenieria.com.mx\/mantenimientodepilotesdecontrol\/wp-content\/uploads\/2022\/12\/RENIVELADO-TEMPLO-EL-POCITO.jpg'><img decoding=\"async\" width=\"768\" height=\"1001\" src=\"https:\/\/copicosaingenieria.com.mx\/mantenimientodepilotesdecontrol\/wp-content\/uploads\/2022\/12\/RENIVELADO-TEMPLO-EL-POCITO-768x1001.jpg\" class=\"attachment-medium_large size-medium_large\" alt=\"\" aria-describedby=\"gallery-1-749\" srcset=\"https:\/\/copicosaingenieria.com.mx\/mantenimientodepilotesdecontrol\/wp-content\/uploads\/2022\/12\/RENIVELADO-TEMPLO-EL-POCITO-768x1001.jpg 768w, https:\/\/copicosaingenieria.com.mx\/mantenimientodepilotesdecontrol\/wp-content\/uploads\/2022\/12\/RENIVELADO-TEMPLO-EL-POCITO-230x300.jpg 230w, https:\/\/copicosaingenieria.com.mx\/mantenimientodepilotesdecontrol\/wp-content\/uploads\/2022\/12\/RENIVELADO-TEMPLO-EL-POCITO-786x1024.jpg 786w, https:\/\/copicosaingenieria.com.mx\/mantenimientodepilotesdecontrol\/wp-content\/uploads\/2022\/12\/RENIVELADO-TEMPLO-EL-POCITO-1179x1536.jpg 1179w, https:\/\/copicosaingenieria.com.mx\/mantenimientodepilotesdecontrol\/wp-content\/uploads\/2022\/12\/RENIVELADO-TEMPLO-EL-POCITO.jpg 1235w\" sizes=\"(max-width: 768px) 100vw, 768px\" \/><\/a>\n\t\t\t<\/div>\n\t\t\t\t<figcaption class='wp-caption-text gallery-caption' id='gallery-1-749'>\n\t\t\t\t<b>EL POCITO<\/b>\n\t\t\t\t<\/figcaption><\/figure>\n\t\t<\/div>\n\t\t<\/div>\n\t\t\t\t\t\t<\/div>\n\t\t\t\t<\/div>\n\t\t\t\t\t<\/div>\n\t\t<\/div>\n\t\t\t\t<div class=\"elementor-column elementor-col-33 elementor-top-column elementor-element elementor-element-d56da60\" data-id=\"d56da60\" data-element_type=\"column\" data-e-type=\"column\">\n\t\t\t<div class=\"elementor-widget-wrap elementor-element-populated\">\n\t\t\t\t\t\t<div class=\"elementor-element elementor-element-3a0596f7 elementor-align-start elementor-icon-list--layout-traditional elementor-list-item-link-full_width elementor-invisible elementor-widget elementor-widget-icon-list\" data-id=\"3a0596f7\" data-element_type=\"widget\" data-e-type=\"widget\" data-settings=\"{&quot;_animation&quot;:&quot;fadeInLeft&quot;}\" data-widget_type=\"icon-list.default\">\n\t\t\t\t<div class=\"elementor-widget-container\">\n\t\t\t\t\t\t\t<ul class=\"elementor-icon-list-items\">\n\t\t\t\t\t\t\t<li class=\"elementor-icon-list-item\">\n\t\t\t\t\t\t\t\t\t\t\t<a href=\"https:\/\/copicosaingenieria.com.mx\/mantenimientodepilotesdecontrol\/mantenimiento-de-pilotes-de-control\/\">\n\n\t\t\t\t\t\t\t\t\t\t\t\t<span class=\"elementor-icon-list-icon\">\n\t\t\t\t\t\t\t<i aria-hidden=\"true\" class=\"fas fa-chevron-right\"><\/i>\t\t\t\t\t\t<\/span>\n\t\t\t\t\t\t\t\t\t\t<span class=\"elementor-icon-list-text\"><\/span>\n\t\t\t\t\t\t\t\t\t\t\t<\/a>\n\t\t\t\t\t\t\t\t\t<\/li>\n\t\t\t\t\t\t\t\t<li class=\"elementor-icon-list-item\">\n\t\t\t\t\t\t\t\t\t\t\t<a href=\"https:\/\/copicosaingenieria.com.mx\/mantenimientodepilotesdecontrol\/recimentacion-y-renivelado-de-edificios\/\">\n\n\t\t\t\t\t\t\t\t\t\t\t\t<span class=\"elementor-icon-list-icon\">\n\t\t\t\t\t\t\t<i aria-hidden=\"true\" class=\"fas fa-chevron-right\"><\/i>\t\t\t\t\t\t<\/span>\n\t\t\t\t\t\t\t\t\t\t<span class=\"elementor-icon-list-text\"><\/span>\n\t\t\t\t\t\t\t\t\t\t\t<\/a>\n\t\t\t\t\t\t\t\t\t<\/li>\n\t\t\t\t\t\t\t\t<li class=\"elementor-icon-list-item\">\n\t\t\t\t\t\t\t\t\t\t\t<a href=\"https:\/\/copicosaingenieria.com.mx\/mantenimientodepilotesdecontrol\/topografia-pilotes-de-control\/\">\n\n\t\t\t\t\t\t\t\t\t\t\t\t<span class=\"elementor-icon-list-icon\">\n\t\t\t\t\t\t\t<i aria-hidden=\"true\" class=\"fas fa-chevron-right\"><\/i>\t\t\t\t\t\t<\/span>\n\t\t\t\t\t\t\t\t\t\t<span class=\"elementor-icon-list-text\"><\/span>\n\t\t\t\t\t\t\t\t\t\t\t<\/a>\n\t\t\t\t\t\t\t\t\t<\/li>\n\t\t\t\t\t\t\t\t<li class=\"elementor-icon-list-item\">\n\t\t\t\t\t\t\t\t\t\t\t<a href=\"https:\/\/copicosaingenieria.com.mx\/mantenimientodepilotesdecontrol\/verificacion-de-calidad-del-aire-pilotes-de-control\/\">\n\n\t\t\t\t\t\t\t\t\t\t\t\t<span class=\"elementor-icon-list-icon\">\n\t\t\t\t\t\t\t<i aria-hidden=\"true\" class=\"fas fa-chevron-right\"><\/i>\t\t\t\t\t\t<\/span>\n\t\t\t\t\t\t\t\t\t\t<span class=\"elementor-icon-list-text\"><\/span>\n\t\t\t\t\t\t\t\t\t\t\t<\/a>\n\t\t\t\t\t\t\t\t\t<\/li>\n\t\t\t\t\t\t<\/ul>\n\t\t\t\t\t\t<\/div>\n\t\t\t\t<\/div>\n\t\t\t\t\t<\/div>\n\t\t<\/div>\n\t\t\t\t<div class=\"elementor-column elementor-col-33 elementor-top-column elementor-element elementor-element-8756861\" data-id=\"8756861\" data-element_type=\"column\" data-e-type=\"column\">\n\t\t\t<div class=\"elementor-widget-wrap elementor-element-populated\">\n\t\t\t\t\t\t<div class=\"elementor-element elementor-element-a34eff5 elementor-widget elementor-widget-heading\" data-id=\"a34eff5\" data-element_type=\"widget\" data-e-type=\"widget\" data-widget_type=\"heading.default\">\n\t\t\t\t<div class=\"elementor-widget-container\">\n\t\t\t\t\t<h2 class=\"elementor-heading-title elementor-size-default\">Recimentaci\u00f3n y renivelado de edificios<\/h2>\t\t\t\t<\/div>\n\t\t\t\t<\/div>\n\t\t\t\t<div class=\"elementor-element elementor-element-0badc48 elementor-widget elementor-widget-text-editor\" data-id=\"0badc48\" data-element_type=\"widget\" data-e-type=\"widget\" data-widget_type=\"text-editor.default\">\n\t\t\t\t<div class=\"elementor-widget-container\">\n\t\t\t\t\t\t\t\t\t<p style=\"text-align: justify;\">El sistema Pilotes de Control permite recimentar y renivelar un edificio inclinado sin desocupar el inmueble, manteniendo su verticalidad dentro de los par\u00e1metros de seguridad que establece el Reglamento de Construcciones para el Distrito Federal y sus Normas T\u00e9cnicas Complementarias, logrando que descienda acorde al hundimiento del suelo.<\/p><p style=\"text-align: justify;\">Algunos de los trabajos de renivelado m\u00e1s representativos son los siguientes:<\/p><p style=\"text-align: justify;\"><strong>TEMPLO DE CAPUCHINAS<\/strong><\/p><p style=\"text-align: justify;\">Posiblemente la obra m\u00e1s representativa, ubicada al costado oriente de la antigua Bas\u00edlica de Guadalupe, construido en el siglo XVIII, con una cimentaci\u00f3n original de mamposter\u00eda; fue recimentado forrando las zapatas originales con concreto armado y colocando 159 pilotes de control.<\/p><p style=\"text-align: justify;\">El levantamiento del templo inici\u00f3 el 30 de mayo de 1978, termin\u00e1ndose el 14 de agosto de ese mismo a\u00f1o.<\/p><p style=\"text-align: justify;\">Se renivel\u00f3 totalmente con cilindros hidr\u00e1ulicos m\u00e1s de 3.5m en su esquina sur oriente, trabajo que le vali\u00f3 a la empresa y en particular al Ing. Manuel Gonz\u00e1lez Flores un reconocimiento de la Sociedad Mundial de Mec\u00e1nica de Suelos.<\/p><p style=\"text-align: justify;\"><strong>TEMPLO EL POCITO<\/strong><\/p><p style=\"text-align: justify;\">Ubicado dentro del Santuario de Nuestra Se\u00f1ora de Guadalupe de la CDMX, construido entre los a\u00f1os de 1777 y 1791 para albergar un pozo cuyas aguas se le atribu\u00edan virtudes milagrosas. Su cimentaci\u00f3n fue construida con estacones de 1.5m de largo y mamposter\u00eda de piedra, como era t\u00edpico en la \u00e9poca.<\/p><p style=\"text-align: justify;\">Debido al hundimiento regional y al suelo donde est\u00e1 desplantado (zona II y III) se presentaron asentamientos diferenciales, y para 1948 el templo ten\u00eda un desplome o inclinaci\u00f3n de 1.50 m y considerando que su estabilidad peligraba, se cerr\u00f3 al culto.<\/p><p style=\"text-align: justify;\">La empresa Cimentaciones Franki, S.A. (hoy desaparecida), llev\u00f3 a cabo una primera recimentaci\u00f3n con pilotes de punta, consiguiendo de esta manera que el templo ya no se moviera.<\/p><p style=\"text-align: justify;\">La primera intervenci\u00f3n para el renivelado del templo fue en 1962 por el Ing. Manuel Gonz\u00e1lez Flores, convirtiendo los 36 pilotes de punta en pilotes de control, haciendo descender a la estructura en la zona m\u00e1s alta (zona norte).<\/p><p style=\"text-align: justify;\">La segunda intervenci\u00f3n fue a fines de 2008 y principios de 2009. Teniendo al inicio de los trabajos un desnivel m\u00e1ximo de 51.1 cm. despu\u00e9s de renivelarlo en mayo de 2009, su desnivel se redujo a tan s\u00f3lo 8.0 cm. registrando una disminuci\u00f3n de 43.1cm.<\/p><p><b>EDIFICIO ALTERNO DE SCJN<\/b><\/p><p>Edificio alterno de la Suprema Corte de Justicia de la Naci\u00f3n (antes oficinas de Banca Serf\u00edn S.A.), ubicado en la esquina de la calle 16 de septiembre y Bol\u00edvar, Col. Centro, construido durante el porfiriato, se termin\u00f3 de construir en 1913 y para 1983 ten\u00eda un desplome de 1.2m.<\/p><p>Entre 1983 y 1945 se reciment\u00f3 el edificio, mientras el renivelado se hizo a principios de 1985, despu\u00e9s de esto el desplome era de 0.052m, pr\u00e1cticamente vertical.<\/p>\t\t\t\t\t\t\t\t<\/div>\n\t\t\t\t<\/div>\n\t\t\t\t\t<\/div>\n\t\t<\/div>\n\t\t\t\t\t<\/div>\n\t\t<\/section>\n\t\t\t\t<section class=\"elementor-section elementor-top-section elementor-element elementor-element-94b608c elementor-section-content-top elementor-section-boxed elementor-section-height-default elementor-section-height-default\" data-id=\"94b608c\" data-element_type=\"section\" data-e-type=\"section\" data-settings=\"{&quot;background_background&quot;:&quot;classic&quot;}\">\n\t\t\t\t\t\t\t<div class=\"elementor-background-overlay\"><\/div>\n\t\t\t\t\t\t\t<div class=\"elementor-container elementor-column-gap-no\">\n\t\t\t\t\t<div class=\"elementor-column elementor-col-100 elementor-top-column elementor-element elementor-element-cff86c4\" data-id=\"cff86c4\" data-element_type=\"column\" data-e-type=\"column\">\n\t\t\t<div class=\"elementor-widget-wrap elementor-element-populated\">\n\t\t\t\t\t\t<section class=\"elementor-section elementor-inner-section elementor-element elementor-element-01088eb elementor-section-content-top elementor-section-boxed elementor-section-height-default elementor-section-height-default\" data-id=\"01088eb\" data-element_type=\"section\" data-e-type=\"section\">\n\t\t\t\t\t\t<div class=\"elementor-container elementor-column-gap-no\">\n\t\t\t\t\t<div class=\"elementor-column elementor-col-20 elementor-inner-column elementor-element elementor-element-b0d8e4f\" data-id=\"b0d8e4f\" data-element_type=\"column\" data-e-type=\"column\">\n\t\t\t<div class=\"elementor-widget-wrap\">\n\t\t\t\t\t\t\t<\/div>\n\t\t<\/div>\n\t\t\t\t<div class=\"elementor-column elementor-col-20 elementor-inner-column elementor-element elementor-element-932d80d\" data-id=\"932d80d\" data-element_type=\"column\" data-e-type=\"column\">\n\t\t\t<div class=\"elementor-widget-wrap\">\n\t\t\t\t\t\t\t<\/div>\n\t\t<\/div>\n\t\t\t\t<div class=\"elementor-column elementor-col-20 elementor-inner-column elementor-element elementor-element-74c0897\" data-id=\"74c0897\" data-element_type=\"column\" data-e-type=\"column\">\n\t\t\t<div class=\"elementor-widget-wrap elementor-element-populated\">\n\t\t\t\t\t\t<div class=\"elementor-element elementor-element-1e203b4 elementor-widget-divider--view-line elementor-widget elementor-widget-divider\" data-id=\"1e203b4\" data-element_type=\"widget\" data-e-type=\"widget\" data-widget_type=\"divider.default\">\n\t\t\t\t<div class=\"elementor-widget-container\">\n\t\t\t\t\t\t\t<div class=\"elementor-divider\">\n\t\t\t<span class=\"elementor-divider-separator\">\n\t\t\t\t\t\t<\/span>\n\t\t<\/div>\n\t\t\t\t\t\t<\/div>\n\t\t\t\t<\/div>\n\t\t\t\t<div class=\"elementor-element elementor-element-3406ccb elementor-widget elementor-widget-counter\" data-id=\"3406ccb\" data-element_type=\"widget\" data-e-type=\"widget\" data-widget_type=\"counter.default\">\n\t\t\t\t<div class=\"elementor-widget-container\">\n\t\t\t\t\t\t\t<div class=\"elementor-counter\">\n\t\t\t<div class=\"elementor-counter-title\">Inmuebles revisados de nuestros clientes<\/div>\t\t\t<div class=\"elementor-counter-number-wrapper\">\n\t\t\t\t<span class=\"elementor-counter-number-prefix\">+<\/span>\n\t\t\t\t<span class=\"elementor-counter-number\" data-duration=\"2000\" data-to-value=\"600\" data-from-value=\"0\" data-delimiter=\",\">0<\/span>\n\t\t\t\t<span class=\"elementor-counter-number-suffix\"><\/span>\n\t\t\t<\/div>\n\t\t<\/div>\n\t\t\t\t\t\t<\/div>\n\t\t\t\t<\/div>\n\t\t\t\t\t<\/div>\n\t\t<\/div>\n\t\t\t\t<div class=\"elementor-column elementor-col-20 elementor-inner-column elementor-element elementor-element-062670b\" data-id=\"062670b\" data-element_type=\"column\" data-e-type=\"column\">\n\t\t\t<div class=\"elementor-widget-wrap\">\n\t\t\t\t\t\t\t<\/div>\n\t\t<\/div>\n\t\t\t\t<div class=\"elementor-column elementor-col-20 elementor-inner-column elementor-element elementor-element-93db227\" data-id=\"93db227\" data-element_type=\"column\" data-e-type=\"column\">\n\t\t\t<div class=\"elementor-widget-wrap\">\n\t\t\t\t\t\t\t<\/div>\n\t\t<\/div>\n\t\t\t\t\t<\/div>\n\t\t<\/section>\n\t\t\t\t\t<\/div>\n\t\t<\/div>\n\t\t\t\t\t<\/div>\n\t\t<\/section>\n\t\t\t\t<\/div>\n\t\t","protected":false},"excerpt":{"rendered":"<p>RECIMENTACI\u00d3N Y RENIVELADO DE EDIFICIOS SERVICIOS * mantenimiento de pilotes de control * recimentaci\u00f3n y renivelado de edificios * topograf\u00eda * verificaci\u00f3n de la calidad del aire TEMPLO DE CAPUCHINAS EL POCITO Recimentaci\u00f3n y renivelado de edificios El sistema Pilotes de Control permite recimentar y renivelar un edificio inclinado sin desocupar el inmueble, manteniendo su [&hellip;]<\/p>\n","protected":false},"author":1,"featured_media":0,"parent":0,"menu_order":0,"comment_status":"closed","ping_status":"closed","template":"","meta":{"site-sidebar-layout":"no-sidebar","site-content-layout":"page-builder","ast-site-content-layout":"default","site-content-style":"default","site-sidebar-style":"default","ast-global-header-display":"","ast-banner-title-visibility":"","ast-main-header-display":"","ast-hfb-above-header-display":"","ast-hfb-below-header-display":"","ast-hfb-mobile-header-display":"","site-post-title":"disabled","ast-breadcrumbs-content":"disabled","ast-featured-img":"disabled","footer-sml-layout":"","ast-disable-related-posts":"","theme-transparent-header-meta":"enabled","adv-header-id-meta":"","stick-header-meta":"","header-above-stick-meta":"","header-main-stick-meta":"","header-below-stick-meta":"","astra-migrate-meta-layouts":"default","ast-page-background-enabled":"default","ast-page-background-meta":{"desktop":{"background-color":"","background-image":"","background-repeat":"repeat","background-position":"center center","background-size":"auto","background-attachment":"scroll","background-type":"","background-media":"","overlay-type":"","overlay-color":"","overlay-opacity":"","overlay-gradient":""},"tablet":{"background-color":"","background-image":"","background-repeat":"repeat","background-position":"center center","background-size":"auto","background-attachment":"scroll","background-type":"","background-media":"","overlay-type":"","overlay-color":"","overlay-opacity":"","overlay-gradient":""},"mobile":{"background-color":"","background-image":"","background-repeat":"repeat","background-position":"center center","background-size":"auto","background-attachment":"scroll","background-type":"","background-media":"","overlay-type":"","overlay-color":"","overlay-opacity":"","overlay-gradient":""}},"ast-content-background-meta":{"desktop":{"background-color":"var(--ast-global-color-5)","background-image":"","background-repeat":"repeat","background-position":"center center","background-size":"auto","background-attachment":"scroll","background-type":"","background-media":"","overlay-type":"","overlay-color":"","overlay-opacity":"","overlay-gradient":""},"tablet":{"background-color":"var(--ast-global-color-5)","background-image":"","background-repeat":"repeat","background-position":"center center","background-size":"auto","background-attachment":"scroll","background-type":"","background-media":"","overlay-type":"","overlay-color":"","overlay-opacity":"","overlay-gradient":""},"mobile":{"background-color":"var(--ast-global-color-5)","background-image":"","background-repeat":"repeat","background-position":"center center","background-size":"auto","background-attachment":"scroll","background-type":"","background-media":"","overlay-type":"","overlay-color":"","overlay-opacity":"","overlay-gradient":""}},"footnotes":""},"class_list":["post-743","page","type-page","status-publish","hentry"],"_links":{"self":[{"href":"https:\/\/copicosaingenieria.com.mx\/mantenimientodepilotesdecontrol\/wp-json\/wp\/v2\/pages\/743","targetHints":{"allow":["GET"]}}],"collection":[{"href":"https:\/\/copicosaingenieria.com.mx\/mantenimientodepilotesdecontrol\/wp-json\/wp\/v2\/pages"}],"about":[{"href":"https:\/\/copicosaingenieria.com.mx\/mantenimientodepilotesdecontrol\/wp-json\/wp\/v2\/types\/page"}],"author":[{"embeddable":true,"href":"https:\/\/copicosaingenieria.com.mx\/mantenimientodepilotesdecontrol\/wp-json\/wp\/v2\/users\/1"}],"replies":[{"embeddable":true,"href":"https:\/\/copicosaingenieria.com.mx\/mantenimientodepilotesdecontrol\/wp-json\/wp\/v2\/comments?post=743"}],"version-history":[{"count":91,"href":"https:\/\/copicosaingenieria.com.mx\/mantenimientodepilotesdecontrol\/wp-json\/wp\/v2\/pages\/743\/revisions"}],"predecessor-version":[{"id":1419,"href":"https:\/\/copicosaingenieria.com.mx\/mantenimientodepilotesdecontrol\/wp-json\/wp\/v2\/pages\/743\/revisions\/1419"}],"wp:attachment":[{"href":"https:\/\/copicosaingenieria.com.mx\/mantenimientodepilotesdecontrol\/wp-json\/wp\/v2\/media?parent=743"}],"curies":[{"name":"wp","href":"https:\/\/api.w.org\/{rel}","templated":true}]}}